{"id":932,"date":"2024-10-05T14:10:28","date_gmt":"2024-10-05T11:10:28","guid":{"rendered":"https:\/\/webrom.lt\/privatumo-politika\/"},"modified":"2026-02-02T15:43:32","modified_gmt":"2026-02-02T13:43:32","slug":"privacy-policy","status":"publish","type":"page","link":"https:\/\/webrom.lt\/en\/privacy-policy\/","title":{"rendered":"Privacy Policy"},"content":{"rendered":"\n<h2 class=\"wp-block-heading\"><strong>General provisions<\/strong><\/h2>\n\n<ol class=\"wp-block-list\">\n<li>This privacy policy regulates MB E. products, company code 303315171, located at Birut\u0117s g. 22-288, Klaip\u0117da, tel.: +370 647 56146, e-mail: info@webrom.lt, current account LT757300010155454883 (hereinafter referred to as the Service Provider) and is the person ordering the services, having paid the specified price (hereinafter referred to as you, yours). The basic principles and procedure for collecting, processing and storing personal data.<\/li>\n\n\n\n<li>The collection, processing and storage of your personal data is determined by this privacy policy, the Law on the Legal Protection of Personal Data of the Republic of Lithuania and other legal acts.<\/li>\n\n\n\n<li>By providing your personal data on the website, you agree that the service provider will manage and process it for the purposes, means and procedure provided for in this privacy policy and legal acts.<\/li>\n<\/ol>\n\n<h3 class=\"wp-block-heading\">2. Collection, processing, storage of personal data<\/h3>\n\n<ol class=\"wp-block-list\">\n<li>The service provider is guided by the following basic principles for processing personal data:\n<ol class=\"wp-block-list\">\n<li>Personal data is collected for specified and legitimate purposes.<\/li>\n\n\n\n<li>Personal data is processed accurately and fairly.<\/li>\n\n\n\n<li>Personal data is constantly updated.<\/li>\n\n\n\n<li>Personal data is stored for no longer than required for the established purposes of data processing.<\/li>\n\n\n\n<li>Personal data is processed only by employees who have been granted such permission.<\/li>\n\n\n\n<li>All information about the personal data being processed is confidential.<\/li>\n<\/ol>\n<\/li>\n\n\n\n<li>The Service Provider respects each of your rights to privacy. Your personal data (name, surname, address, telephone number, e-mail address and other information specified in the website registration form) is collected and processed for the following purposes: \n<ol class=\"wp-block-list\">\n<li>Provide information based on your requests<\/li>\n\n\n\n<li>Issue financial documents (e.g. invoices)<\/li>\n\n\n\n<li>For sending newsletters<\/li>\n\n\n\n<li>Website usage services<\/li>\n\n\n\n<li>For direct marketing purposes<\/li>\n\n\n\n<li>For job offers<\/li>\n<\/ol>\n<\/li>\n<\/ol>\n\n<h3 class=\"wp-block-heading\">3. Transfer of personal data to third parties<\/h3>\n\n<ol class=\"wp-block-list\">\n<li>The Service Provider has the right to transfer information to third parties only for the purposes of clause 2.2.<\/li>\n\n\n\n<li>Only in accordance with the procedure established by the laws of the Republic of Lithuania.<\/li>\n<\/ol>\n\n<h3 class=\"wp-block-heading\">4. Registration submission rules<\/h3>\n\n<ol class=\"wp-block-list\">\n<li>You must provide complete, accurate and truthful information about yourself in the registration form. If you provide inaccurate, false or misleading information in the registration form, we have the right to cancel your registration and delete your data or restrict your ability to use the website. <\/li>\n<\/ol>\n\n<h3 class=\"wp-block-heading\">5. Cookies<\/h3>\n\n<ol class=\"wp-block-list\">\n<li>We inform you that in order to offer you full-fledged services on our website, we record information (cookies) on your computer (device). We will use the recorded information to recognize you as a previous user of the website and to collect website traffic statistics. You can review what information (cookies) we record at any time and you can delete some or all of the recorded cookies. You also have the right to object to the recording and use of information (cookies) on your computer (device), but in this case some of the website functions may not be available to you. We assume that by using our website, we agree to the recording of information on your computer (device). You can withdraw your consent at any time by changing your browser settings or by contacting us via any of the contacts published on the website.     <\/li>\n<\/ol>\n\n<h3 class=\"wp-block-heading\">6. Google Analytics<\/h3>\n\n<ol class=\"wp-block-list\">\n<li>Naudojame \u201cGoogle Analytics\u201d, kad matytum\u0117me statistines analizes. \u201cGoogle Analytics\u201d \u017einiatinklio analiz\u0117s paslauga yra teikiama \u201cGoogle Ireland Limited\u201d, Gordon House, Barrow Street, Dublin 4, Ireland, (\u201eGoogle\u201c). \u201eGoogle Analytics\u201c naudoja slapukus, tekstinius failus, kurie i\u0161saugomi J\u016bs\u0173 kompiuteryje ir leid\u017eia analizuoti, kaip J\u016bs naudojat\u0117s tinklapiu. Slapuko sugeneruota informacija apie J\u016bs\u0173 naudojim\u0105si \u0161iuo tinklapiu bus perduodama \u201eGoogle\u201c serveriui Europoje ir ten saugoma. Ta\u010diau, jei \u0161iame tinklapyje bus \u012fjungtas IP anonimizavimas, j\u016bs\u0173 IP adresas bus sutrumpintas Europos S\u0105jungos valstyb\u0117se nar\u0117se ar kitose Europos ekonomin\u0117s erdv\u0117s sutarties \u0161alyse. Tik i\u0161skirtiniais atvejais visas IP adresas bus siun\u010diamas \u012f \u201eGoogle\u201c server\u012f Europoje ir ten sutrumpinamas. \u201eGoogle\u201c \u0161io tinklapio operatoriaus vardu naudos \u0161i\u0105 informacij\u0105, kad \u012fvertint\u0173 naudojim\u0105si \u0161iuo tinklapiu, sudaryt\u0173 ataskaitas apie veikl\u0105 tinklapyje ir tinklapio operatoriui teikt\u0173 kitas paslaugas, susijusias su tinklapio ir interneto naudojimu. IP adresas, kuris i\u0161 J\u016bs\u0173 nar\u0161ykl\u0117s bus perduotas \u201eGoogle Analytics\u201c, nebus susietas su kitais \u201eGoogle\u201c duomenimis. Galite u\u017ekirsti keli\u0105 \u201eGoogle\u201c rinkti slapuk\u0173 sugeneruotus duomenis apie J\u016bs\u0173 naudojim\u0105si tinklapiu (\u012fskaitant J\u016bs\u0173 IP adres\u0105) ir \u0161i\u0173 duomen\u0173 apdorojimui, atsisi\u0173sdami ir \u012fdiegdami nar\u0161ykl\u0117s papildin\u012f: https:\/\/tools.google.com\/dlpage\/gaoptout?hl=en        <\/li>\n\n\n\n<li>More information can be found at http:\/\/tools.google.com\/dlpage\/gaoptout?hl=lt or http:\/\/www.google.com\/intl\/de\/analytics\/privacyoverview.html (general information about Google Analytics and data protection).<\/li>\n<\/ol>\n\n<h3 class=\"wp-block-heading\">7. Google AdWords<\/h3>\n\n<ol class=\"wp-block-list\">\n<li>We use the Google AdWords online advertising program and conversion tracking as part of Google AdWords. Google Conversion Tracking is an analytics service provided by Google Ireland Limited (Gordon House, Barrow Street, Dublin 4, Ireland, \u201cGoogle\u201d). A cookie will be set if you reach our website via a Google ad. These cookies expire after 30 days and are not used for personal identification. If you visit certain parts of our website before the cookie expires, Google and we can recognize that you clicked on the ad and were redirected to our website. Each AdWords customer receives a separate cookie, i.e. cookies cannot be traced across AdWords customers\u2019 websites. The information obtained from the conversion cookies is used to generate conversion statistics for AdWords advertisers who have opted for conversion tracking. Advertisers learn the total number of users who clicked on their ad and were redirected to the conversion tracking page. However, they do not receive any information that allows users to be personally identified. Therefore, personal data cannot be linked to user data. If you want to disable conversion tracking cookies, you can set your browser accordingly to block cookies from the domain: &#8220;googleadservices.com&#8221;.    <\/li>\n<\/ol>\n\n<h3 class=\"wp-block-heading\">8. Personal privacy policy for employee candidates<\/h3>\n\n<ol class=\"wp-block-list\">\n<li>In this privacy policy for personal data of employee candidates, we provide information about the processing of personal data of candidates by MB &#8220;E. produktai&#8221;. <\/li>\n\n\n\n<li>When conducting selections for vacant positions at Webroom, we process the following data about you:\n<ol class=\"wp-block-list\">\n<li>name;<\/li>\n\n\n\n<li>surname;<\/li>\n\n\n\n<li>date of birth;<\/li>\n\n\n\n<li>place of residence or address of residence;<\/li>\n\n\n\n<li>postal address;<\/li>\n\n\n\n<li>phone number;<\/li>\n\n\n\n<li>information about the candidate&#8217;s work experience (place of work, period of work, duties, responsibilities and (or) achievements);<\/li>\n\n\n\n<li>information about the candidate&#8217;s education (educational institution, period of study, education and\/or qualification obtained);<\/li>\n\n\n\n<li>information about professional development (training attended, certificates acquired);<\/li>\n\n\n\n<li>information about language skills, information technology, driving skills, other competencies, other information that you provide in your CV, cover letter or other application documents;<\/li>\n\n\n\n<li>employer recommendations, feedback: persons recommending or providing feedback on the candidate, their contacts, content of the recommendation or feedback.<\/li>\n<\/ol>\n<\/li>\n\n\n\n<li>Legal basis for data processing: Your consent.<\/li>\n\n\n\n<li>Personal data retention period: during the selection process for the job(s) chosen by the candidate; after the selection process, no longer than 5 years.<\/li>\n\n\n\n<li>We consider your consent to process the data provided in your CV, resume, and cover letter for the intended purpose to be received when you submit your CV and\/or other documents to us.<\/li>\n\n\n\n<li>If we receive information about your candidacy, your CV, from employment agencies, job search portals, social networks and other entities providing job search services, we assume that you have received all the necessary information about the processing of your data and have given your consent to the entity providing such services to process your data.<\/li>\n\n\n\n<li>We will only collect your personal data from other sources with your specific consent. For example, we will only verify your recommendations or request feedback from your employer if you give us your consent to contact your named employer and\/or other person to obtain feedback about you. <\/li>\n\n\n\n<li>Sources from which candidate data is collected:\n<ol class=\"wp-block-list\">\n<li>We receive your data directly from you &#8211; when you respond to our job advertisement, submit your CV, candidate questionnaire and other application documents.<\/li>\n\n\n\n<li>We may also receive the aforementioned information about your candidacy and documents from entities providing job search and selection services.<\/li>\n\n\n\n<li>From publicly available information such as social networks where you voluntarily post information about yourself and your skills, e.g. linkedin.com.<\/li>\n<\/ol>\n<\/li>\n\n\n\n<li>Candidate rights under data protection legislation. Under the law, you have the right to: \n<ol class=\"wp-block-list\">\n<li>Request information about whether we have your personal data and, if so, what information it is and why we keep\/use it.<\/li>\n\n\n\n<li>Request correction of the personal data we hold about you. You can request the deletion of personal data that we no longer have a legitimate purpose for processing. You can also request the deletion of personal data about you that you have objected to.  <\/li>\n\n\n\n<li>You may object to the processing of your personal data where we are relying on a legitimate interest and there is a particular situation which makes you want to object to the processing on this basis.<\/li>\n\n\n\n<li>Request restriction of processing of your personal data. You can ask us to stop processing your personal data, for example, if you want us to determine its accuracy or the reason for processing it. <\/li>\n\n\n\n<li>To request the transfer of your personal data in electronic or other form to you or another party (commonly known as the right to \u201cdata portability\u201d). This way, you can get your data from us and have the option to give your data to another party. <\/li>\n\n\n\n<li>Withdraw consent. If you have provided your consent to the collection, processing or transfer of your personal data for a specific purpose, you have the right to withdraw your consent at any time. Once we become aware that you have withdrawn your consent, we will no longer process your information for the purpose or purposes for which you originally provided your consent, unless we have another legal basis to do so in accordance with law.  <\/li>\n<\/ol>\n<\/li>\n\n\n\n<li>Processing of requests: upon receipt of your request for the exercise of any of your rights and upon verification of your identity, we undertake to provide you with information on the actions we have taken in accordance with your request without delay, no later than within one month of receipt of your request. Depending on the number of requests, we have the right to extend the period for another two months, informing you thereof and indicating the reasons for such extension. For all questions regarding the processing of candidates&#8217; personal data, you can contact us at the following e-mail address: info@webrom.lt.   <\/li>\n<\/ol>\n\n<h3 class=\"wp-block-heading\">9. Amendment of the Rules and Final Provisions<\/h3>\n\n<ol class=\"wp-block-list\">\n<li>The Service Provider has the right to partially or completely change the Privacy Terms by notifying us about this on its website. Further use of our website services means compliance with these rules. All disagreements and disputes arising are resolved through negotiations. If an agreement cannot be reached, disputes are resolved in accordance with the laws of the Republic of Lithuania.   <\/li>\n<\/ol>\n\n<h3 class=\"wp-block-heading\">10. Your rights<\/h3>\n\n<ol class=\"wp-block-list\">\n<li>request that we allow you to access your personal data;<\/li>\n\n\n\n<li>request correction of personal data;<\/li>\n\n\n\n<li>request restriction of the processing of your personal data;<\/li>\n\n\n\n<li>request the deletion of personal data;<\/li>\n\n\n\n<li>withdraw your consent if the data is processed on the basis of consent;<\/li>\n\n\n\n<li>request the transfer of personal data to another data controller;<\/li>\n\n\n\n<li>object to the processing of your personal data when it is processed on the basis of legitimate interest;<\/li>\n\n\n\n<li>file a complaint with the State Data Protection Inspectorate (more information \u2013 https:\/\/vdai.lrv.lt\/). You can submit a request for the exercise of the above rights, as well as complaints, notifications or requests to us by e-mail. email: info@webrom.lt<\/li>\n<\/ol>\n\n<p><\/p>\n","protected":false},"excerpt":{"rendered":"<p>General provisions 2. Collection, processing, storage of personal data 3. Transfer of personal data to third parties 4. Registration submission rules 5. Cookies 6. Google Analytics 7. Google AdWords 8. Personal privacy policy for employee candidates 9. Amendment of the Rules and Final Provisions 10. Your rights<\/p>\n","protected":false},"author":1,"featured_media":0,"parent":0,"menu_order":0,"comment_status":"closed","ping_status":"closed","template":"","meta":{"footnotes":""},"class_list":["post-932","page","type-page","status-publish","hentry"],"yoast_head":"<!-- This site is optimized with the Yoast SEO plugin v26.9 - https:\/\/yoast.com\/product\/yoast-seo-wordpress\/ -->\n<title>Privacy Policy - Webrom<\/title>\n<meta name=\"robots\" content=\"index, follow, max-snippet:-1, max-image-preview:large, max-video-preview:-1\" \/>\n<link rel=\"canonical\" href=\"https:\/\/webrom.lt\/en\/privacy-policy\/\" \/>\n<meta property=\"og:locale\" content=\"en_US\" \/>\n<meta property=\"og:type\" content=\"article\" \/>\n<meta property=\"og:title\" content=\"Privacy Policy - Webrom\" \/>\n<meta property=\"og:description\" content=\"General provisions 2. Collection, processing, storage of personal data 3. Transfer of personal data to third parties 4. Registration submission rules 5. Cookies 6. Google Analytics 7. Google AdWords 8. Personal privacy policy for employee candidates 9. Amendment of the Rules and Final Provisions 10. Your rights\" \/>\n<meta property=\"og:url\" content=\"https:\/\/webrom.lt\/en\/privacy-policy\/\" \/>\n<meta property=\"og:site_name\" content=\"Webrom\" \/>\n<meta property=\"article:publisher\" content=\"https:\/\/www.facebook.com\/profile.php?id=61576626508092\" \/>\n<meta property=\"article:modified_time\" content=\"2026-02-02T13:43:32+00:00\" \/>\n<meta property=\"og:image\" content=\"https:\/\/webrom.lt\/wp-content\/uploads\/2026\/01\/Link-preview.jpg\" \/>\n\t<meta property=\"og:image:width\" content=\"1920\" \/>\n\t<meta property=\"og:image:height\" content=\"1072\" \/>\n\t<meta property=\"og:image:type\" content=\"image\/jpeg\" \/>\n<meta name=\"twitter:card\" content=\"summary_large_image\" \/>\n<meta name=\"twitter:label1\" content=\"Est. reading time\" \/>\n\t<meta name=\"twitter:data1\" content=\"10 minutes\" \/>\n<script type=\"application\/ld+json\" class=\"yoast-schema-graph\">{\"@context\":\"https:\/\/schema.org\",\"@graph\":[{\"@type\":\"WebPage\",\"@id\":\"https:\/\/webrom.lt\/en\/privacy-policy\/\",\"url\":\"https:\/\/webrom.lt\/en\/privacy-policy\/\",\"name\":\"Privacy Policy - Webrom\",\"isPartOf\":{\"@id\":\"https:\/\/webrom.lt\/en\/#website\"},\"datePublished\":\"2024-10-05T11:10:28+00:00\",\"dateModified\":\"2026-02-02T13:43:32+00:00\",\"breadcrumb\":{\"@id\":\"https:\/\/webrom.lt\/en\/privacy-policy\/#breadcrumb\"},\"inLanguage\":\"en-US\",\"potentialAction\":[{\"@type\":\"ReadAction\",\"target\":[\"https:\/\/webrom.lt\/en\/privacy-policy\/\"]}]},{\"@type\":\"BreadcrumbList\",\"@id\":\"https:\/\/webrom.lt\/en\/privacy-policy\/#breadcrumb\",\"itemListElement\":[{\"@type\":\"ListItem\",\"position\":1,\"name\":\"Home\",\"item\":\"https:\/\/webrom.lt\/en\/\"},{\"@type\":\"ListItem\",\"position\":2,\"name\":\"Privacy Policy\"}]},{\"@type\":\"WebSite\",\"@id\":\"https:\/\/webrom.lt\/en\/#website\",\"url\":\"https:\/\/webrom.lt\/en\/\",\"name\":\"Webrom\",\"description\":\"\",\"publisher\":{\"@id\":\"https:\/\/webrom.lt\/en\/#organization\"},\"potentialAction\":[{\"@type\":\"SearchAction\",\"target\":{\"@type\":\"EntryPoint\",\"urlTemplate\":\"https:\/\/webrom.lt\/en\/?s={search_term_string}\"},\"query-input\":{\"@type\":\"PropertyValueSpecification\",\"valueRequired\":true,\"valueName\":\"search_term_string\"}}],\"inLanguage\":\"en-US\"},{\"@type\":\"Organization\",\"@id\":\"https:\/\/webrom.lt\/en\/#organization\",\"name\":\"Webrom\",\"url\":\"https:\/\/webrom.lt\/en\/\",\"logo\":{\"@type\":\"ImageObject\",\"inLanguage\":\"en-US\",\"@id\":\"https:\/\/webrom.lt\/en\/#\/schema\/logo\/image\/\",\"url\":\"https:\/\/webrom.lt\/wp-content\/uploads\/2026\/01\/Webrom-Banner-1.jpg\",\"contentUrl\":\"https:\/\/webrom.lt\/wp-content\/uploads\/2026\/01\/Webrom-Banner-1.jpg\",\"width\":1158,\"height\":1158,\"caption\":\"Webrom\"},\"image\":{\"@id\":\"https:\/\/webrom.lt\/en\/#\/schema\/logo\/image\/\"},\"sameAs\":[\"https:\/\/www.facebook.com\/profile.php?id=61576626508092\",\"https:\/\/www.linkedin.com\/company\/webrom\/\",\"https:\/\/www.behance.net\/webromagency\"]}]}<\/script>\n<!-- \/ Yoast SEO plugin. -->","yoast_head_json":{"title":"Privacy Policy - Webrom","robots":{"index":"index","follow":"follow","max-snippet":"max-snippet:-1","max-image-preview":"max-image-preview:large","max-video-preview":"max-video-preview:-1"},"canonical":"https:\/\/webrom.lt\/en\/privacy-policy\/","og_locale":"en_US","og_type":"article","og_title":"Privacy Policy - Webrom","og_description":"General provisions 2. Collection, processing, storage of personal data 3. Transfer of personal data to third parties 4. Registration submission rules 5. Cookies 6. Google Analytics 7. Google AdWords 8. Personal privacy policy for employee candidates 9. Amendment of the Rules and Final Provisions 10. Your rights","og_url":"https:\/\/webrom.lt\/en\/privacy-policy\/","og_site_name":"Webrom","article_publisher":"https:\/\/www.facebook.com\/profile.php?id=61576626508092","article_modified_time":"2026-02-02T13:43:32+00:00","og_image":[{"width":1920,"height":1072,"url":"https:\/\/webrom.lt\/wp-content\/uploads\/2026\/01\/Link-preview.jpg","type":"image\/jpeg"}],"twitter_card":"summary_large_image","twitter_misc":{"Est. reading time":"10 minutes"},"schema":{"@context":"https:\/\/schema.org","@graph":[{"@type":"WebPage","@id":"https:\/\/webrom.lt\/en\/privacy-policy\/","url":"https:\/\/webrom.lt\/en\/privacy-policy\/","name":"Privacy Policy - Webrom","isPartOf":{"@id":"https:\/\/webrom.lt\/en\/#website"},"datePublished":"2024-10-05T11:10:28+00:00","dateModified":"2026-02-02T13:43:32+00:00","breadcrumb":{"@id":"https:\/\/webrom.lt\/en\/privacy-policy\/#breadcrumb"},"inLanguage":"en-US","potentialAction":[{"@type":"ReadAction","target":["https:\/\/webrom.lt\/en\/privacy-policy\/"]}]},{"@type":"BreadcrumbList","@id":"https:\/\/webrom.lt\/en\/privacy-policy\/#breadcrumb","itemListElement":[{"@type":"ListItem","position":1,"name":"Home","item":"https:\/\/webrom.lt\/en\/"},{"@type":"ListItem","position":2,"name":"Privacy Policy"}]},{"@type":"WebSite","@id":"https:\/\/webrom.lt\/en\/#website","url":"https:\/\/webrom.lt\/en\/","name":"Webrom","description":"","publisher":{"@id":"https:\/\/webrom.lt\/en\/#organization"},"potentialAction":[{"@type":"SearchAction","target":{"@type":"EntryPoint","urlTemplate":"https:\/\/webrom.lt\/en\/?s={search_term_string}"},"query-input":{"@type":"PropertyValueSpecification","valueRequired":true,"valueName":"search_term_string"}}],"inLanguage":"en-US"},{"@type":"Organization","@id":"https:\/\/webrom.lt\/en\/#organization","name":"Webrom","url":"https:\/\/webrom.lt\/en\/","logo":{"@type":"ImageObject","inLanguage":"en-US","@id":"https:\/\/webrom.lt\/en\/#\/schema\/logo\/image\/","url":"https:\/\/webrom.lt\/wp-content\/uploads\/2026\/01\/Webrom-Banner-1.jpg","contentUrl":"https:\/\/webrom.lt\/wp-content\/uploads\/2026\/01\/Webrom-Banner-1.jpg","width":1158,"height":1158,"caption":"Webrom"},"image":{"@id":"https:\/\/webrom.lt\/en\/#\/schema\/logo\/image\/"},"sameAs":["https:\/\/www.facebook.com\/profile.php?id=61576626508092","https:\/\/www.linkedin.com\/company\/webrom\/","https:\/\/www.behance.net\/webromagency"]}]}},"_links":{"self":[{"href":"https:\/\/webrom.lt\/en\/wp-json\/wp\/v2\/pages\/932","targetHints":{"allow":["GET"]}}],"collection":[{"href":"https:\/\/webrom.lt\/en\/wp-json\/wp\/v2\/pages"}],"about":[{"href":"https:\/\/webrom.lt\/en\/wp-json\/wp\/v2\/types\/page"}],"author":[{"embeddable":true,"href":"https:\/\/webrom.lt\/en\/wp-json\/wp\/v2\/users\/1"}],"replies":[{"embeddable":true,"href":"https:\/\/webrom.lt\/en\/wp-json\/wp\/v2\/comments?post=932"}],"version-history":[{"count":3,"href":"https:\/\/webrom.lt\/en\/wp-json\/wp\/v2\/pages\/932\/revisions"}],"predecessor-version":[{"id":1805,"href":"https:\/\/webrom.lt\/en\/wp-json\/wp\/v2\/pages\/932\/revisions\/1805"}],"wp:attachment":[{"href":"https:\/\/webrom.lt\/en\/wp-json\/wp\/v2\/media?parent=932"}],"curies":[{"name":"wp","href":"https:\/\/api.w.org\/{rel}","templated":true}]}}